{"id":3,"date":"2021-10-19T14:39:26","date_gmt":"2021-10-19T14:39:26","guid":{"rendered":"http:\/\/difaltamira.gob.mx\/2021-2024\/?page_id=3"},"modified":"2021-10-24T15:34:10","modified_gmt":"2021-10-24T20:34:10","slug":"politica-privacidad","status":"publish","type":"page","link":"https:\/\/difaltamira.gob.mx\/2021-2024\/politica-privacidad\/","title":{"rendered":"Pol\u00edtica de privacidad"},"content":{"rendered":"<div class=\"wppb-column-parent wppb-column-parent-view wppb-col-1632428823519 contact-form \">\n<div class=\"wppb-column\">\n<div class=\"wppb-builder-addons\">\n<div class=\"wppb-builder-addon wppb-addon-1632428859476\" data-addon-id=\"1632428859476\">\n<div class=\"wppb-addon\">\n<div class=\"wppb-headline-addon\">\n<div class=\"wppb-headline-content\">\n<h2 class=\"wppb-addon-title\">Pol\u00edtica de Privacidad y Manejo de Datos Personales de este sitio web<\/h2>\n<\/div>\n<\/div>\n<\/div>\n<\/div>\n<div class=\"wppb-builder-addon wppb-addon-1632428877400\" data-addon-id=\"1632428877400\">\n<div class=\"wppb-addon\">\n<div class=\"wppb-text-block-addon\">\n<div class=\"wppb-text-block-content 0\">\n<p>Los datos personales que se proporcionen a trav\u00e9s del portal del Sistema DIF de Altamira Tamaulipas, ser\u00e1n incorporados a un sistema con el fin de dar atenci\u00f3n, tr\u00e1mite y seguimiento a los diversos servicios que se proporcionan en el mismo, y ser\u00e1n exclusivamente tratados por el \u00e1rea competente correspondiente.<\/p>\n<p>Los datos personales que se proporcionen al sistema, s\u00f3lo ser\u00e1n transmitidos \u00fanica y exclusivamente a las autoridades que resulten competentes, para lo que se requerir\u00e1 de su consentimiento previo, salvo en los casos establecidos en el art\u00edculo 22 de la Ley Federal de Transparencia y Acceso a la Informaci\u00f3n P\u00fablica Gubernamental.<\/p>\n<p>Los titulares de las unidades administrativas ante quien se presenten las solicitudes a trav\u00e9s del sitio web, ser\u00e1n los servidores p\u00fablicos responsables de resguardar y mantener los datos personales en estricta confidencialidad.<\/p>\n<p>El titular de los datos personales podr\u00e1 ejercer en todo momento su derecho de acceso, rectificaci\u00f3n, cancelaci\u00f3n y oposici\u00f3n de datos personales que proporcione, pudiendo ejercer en todo momento su derecho, f\u00edsicamente en las oficinas del sujeto obligado ante quien se tramit\u00f3 la solicitud en su domicilio oficial, o consultar dicha informaci\u00f3n requerida en la Plataforma Nacional de Transparencia <a href=\"https:\/\/altamira.gob.mx\/2021-2024\/gobierno-municipal\/politica-privacidad\/www.plataformadetransparencia.org.mx\">www.plataformadetransparencia.org.mx<\/a><\/p>\n<h3>Cambios al aviso de privacidad.<\/h3>\n<p>El presente aviso de privacidad puede sufrir modificaciones, cambios o actualizaciones derivadas de nuevos requerimientos legales; de nuestras propias necesidades por los servicios que ofrecemos; de nuestras pr\u00e1cticas de privacidad; o por otras causas.<\/p>\n<p>Nos comprometemos a mantenerlo informado sobre los cambios que pueda sufrir el presente aviso de privacidad, a trav\u00e9s de nuestra p\u00e1gina: <a href=\"http:\/\/www.altamira.gob.mx\">http:\/\/www.altamira.gob.mx<\/a><\/p>\n<p>Las preguntas en relaci\u00f3n a el acceso a la informaci\u00f3n y transparencia deben dirigirse al correo electr\u00f3nico: <a href=\"mailto:utai.altamira@gmail.com\">utai.altamira@gmail.com<\/a><\/p>\n<\/div>\n<\/div>\n<\/div>\n<\/div>\n<\/div>\n<\/div>\n<\/div>\n","protected":false},"excerpt":{"rendered":"<p>Pol\u00edtica de Privacidad y Manejo de Datos Personales de este sitio web Los datos personales que se proporcionen a trav\u00e9s del portal del Sistema DIF de<span class=\"excerpt-hellip\"> [\u2026]<\/span><\/p>\n","protected":false},"author":2,"featured_media":0,"parent":0,"menu_order":0,"comment_status":"closed","ping_status":"open","template":"","meta":{"footnotes":""},"class_list":["post-3","page","type-page","status-publish","hentry"],"_links":{"self":[{"href":"https:\/\/difaltamira.gob.mx\/2021-2024\/wp-json\/wp\/v2\/pages\/3","targetHints":{"allow":["GET"]}}],"collection":[{"href":"https:\/\/difaltamira.gob.mx\/2021-2024\/wp-json\/wp\/v2\/pages"}],"about":[{"href":"https:\/\/difaltamira.gob.mx\/2021-2024\/wp-json\/wp\/v2\/types\/page"}],"author":[{"embeddable":true,"href":"https:\/\/difaltamira.gob.mx\/2021-2024\/wp-json\/wp\/v2\/users\/2"}],"replies":[{"embeddable":true,"href":"https:\/\/difaltamira.gob.mx\/2021-2024\/wp-json\/wp\/v2\/comments?post=3"}],"version-history":[{"count":3,"href":"https:\/\/difaltamira.gob.mx\/2021-2024\/wp-json\/wp\/v2\/pages\/3\/revisions"}],"predecessor-version":[{"id":208,"href":"https:\/\/difaltamira.gob.mx\/2021-2024\/wp-json\/wp\/v2\/pages\/3\/revisions\/208"}],"wp:attachment":[{"href":"https:\/\/difaltamira.gob.mx\/2021-2024\/wp-json\/wp\/v2\/media?parent=3"}],"curies":[{"name":"wp","href":"https:\/\/api.w.org\/{rel}","templated":true}]}}